{"id":9471,"date":"2019-11-22T04:11:25","date_gmt":"2019-11-22T04:11:25","guid":{"rendered":"https:\/\/discoverpuerto.es\/nous\/"},"modified":"2026-03-26T13:12:01","modified_gmt":"2026-03-26T13:12:01","slug":"nous","status":"publish","type":"page","link":"https:\/\/discoverpuerto.es\/fr\/nous\/","title":{"rendered":"Nous"},"content":{"rendered":"\t\t<div data-elementor-type=\"wp-page\" data-elementor-id=\"9471\" class=\"elementor elementor-9471 elementor-2517\" data-elementor-post-type=\"page\">\n\t\t\t\t\t\t<section class=\"elementor-section elementor-top-section elementor-element elementor-element-cb39800 elementor-section-stretched elementor-section-boxed elementor-section-gap-beside-yes elementor-section-height-default elementor-section-height-default elementor-section-column-vertical-align-stretch\" data-id=\"cb39800\" data-element_type=\"section\" data-settings=\"{&quot;stretch_section&quot;:&quot;section-stretched&quot;,&quot;background_background&quot;:&quot;classic&quot;}\">\n\t\t\t\t\t\t<div class=\"elementor-container elementor-column-gap-extended\">\n\t\t\t\t\t<div class=\"elementor-column elementor-col-100 elementor-top-column elementor-element elementor-element-c878572\" data-id=\"c878572\" data-element_type=\"column\">\n\t\t\t<div class=\"elementor-widget-wrap elementor-element-populated\">\n\t\t\t\t\t\t<div class=\"elementor-element elementor-element-9a11b33 elementor-widget elementor-widget-heading\" data-id=\"9a11b33\" data-element_type=\"widget\" data-widget_type=\"heading.default\">\n\t\t\t\t<div class=\"elementor-widget-container\">\n\t\t\t\t\t<h2 class=\"elementor-heading-title elementor-size-default\">Tourisme \u00e0 Puerto del Rosario<\/h2>\t\t\t\t<\/div>\n\t\t\t\t<\/div>\n\t\t\t\t<div class=\"elementor-element elementor-element-7204624 elementor-widget elementor-widget-text-editor\" data-id=\"7204624\" data-element_type=\"widget\" data-widget_type=\"text-editor.default\">\n\t\t\t\t<div class=\"elementor-widget-container\">\n\t\t\t\t\t\t\t\t\t<p>Notre mission<\/p>\t\t\t\t\t\t\t\t<\/div>\n\t\t\t\t<\/div>\n\t\t\t\t\t<\/div>\n\t\t<\/div>\n\t\t\t\t\t<\/div>\n\t\t<\/section>\n\t\t\t\t<section class=\"elementor-section elementor-top-section elementor-element elementor-element-a3175a2 elementor-section-boxed elementor-section-gap-beside-yes elementor-section-height-default elementor-section-height-default elementor-section-column-vertical-align-stretch\" data-id=\"a3175a2\" data-element_type=\"section\">\n\t\t\t\t\t\t<div class=\"elementor-container elementor-column-gap-extended\">\n\t\t\t\t\t<div class=\"elementor-column elementor-col-100 elementor-top-column elementor-element elementor-element-278b25a\" data-id=\"278b25a\" data-element_type=\"column\">\n\t\t\t<div class=\"elementor-widget-wrap elementor-element-populated\">\n\t\t\t\t\t\t<div class=\"elementor-element elementor-element-8ab21c1 elementor-widget elementor-widget-spacer\" data-id=\"8ab21c1\" data-element_type=\"widget\" data-widget_type=\"spacer.default\">\n\t\t\t\t<div class=\"elementor-widget-container\">\n\t\t\t\t\t\t\t<div class=\"elementor-spacer\">\n\t\t\t<div class=\"elementor-spacer-inner\"><\/div>\n\t\t<\/div>\n\t\t\t\t\t\t<\/div>\n\t\t\t\t<\/div>\n\t\t\t\t\t<\/div>\n\t\t<\/div>\n\t\t\t\t\t<\/div>\n\t\t<\/section>\n\t\t\t\t<section class=\"elementor-section elementor-top-section elementor-element elementor-element-f5c34be elementor-section-boxed elementor-section-gap-beside-yes elementor-section-height-default elementor-section-height-default elementor-section-column-vertical-align-stretch\" data-id=\"f5c34be\" data-element_type=\"section\">\n\t\t\t\t\t\t<div class=\"elementor-container elementor-column-gap-extended\">\n\t\t\t\t\t<div class=\"elementor-column elementor-col-50 elementor-top-column elementor-element elementor-element-f9d0598\" data-id=\"f9d0598\" data-element_type=\"column\">\n\t\t\t<div class=\"elementor-widget-wrap elementor-element-populated\">\n\t\t\t\t\t\t<div class=\"elementor-element elementor-element-be63eb6 elementor-widget elementor-widget-image\" data-id=\"be63eb6\" data-element_type=\"widget\" data-widget_type=\"image.default\">\n\t\t\t\t<div class=\"elementor-widget-container\">\n\t\t\t\t\t\t\t\t\t\t\t\t\t\t\t<img fetchpriority=\"high\" decoding=\"async\" width=\"2560\" height=\"2560\" src=\"https:\/\/discoverpuerto.es\/wp-content\/uploads\/2025\/01\/Rosa-web.jpg\" class=\"attachment-full size-full wp-image-9472\" alt=\"\" srcset=\"https:\/\/discoverpuerto.es\/wp-content\/uploads\/2025\/01\/Rosa-web.jpg 2560w, https:\/\/discoverpuerto.es\/wp-content\/uploads\/2025\/01\/Rosa-web-300x300.jpg 300w, https:\/\/discoverpuerto.es\/wp-content\/uploads\/2025\/01\/Rosa-web-1024x1024.jpg 1024w, https:\/\/discoverpuerto.es\/wp-content\/uploads\/2025\/01\/Rosa-web-150x150.jpg 150w, https:\/\/discoverpuerto.es\/wp-content\/uploads\/2025\/01\/Rosa-web-768x768.jpg 768w, https:\/\/discoverpuerto.es\/wp-content\/uploads\/2025\/01\/Rosa-web-1536x1536.jpg 1536w, https:\/\/discoverpuerto.es\/wp-content\/uploads\/2025\/01\/Rosa-web-2048x2048.jpg 2048w, https:\/\/discoverpuerto.es\/wp-content\/uploads\/2025\/01\/Rosa-web-600x600.jpg 600w, https:\/\/discoverpuerto.es\/wp-content\/uploads\/2025\/01\/Rosa-web-100x100.jpg 100w\" sizes=\"(max-width: 2560px) 100vw, 2560px\" \/>\t\t\t\t\t\t\t\t\t\t\t\t\t\t\t<\/div>\n\t\t\t\t<\/div>\n\t\t\t\t\t<\/div>\n\t\t<\/div>\n\t\t\t\t<div class=\"elementor-column elementor-col-50 elementor-top-column elementor-element elementor-element-fabe69d\" data-id=\"fabe69d\" data-element_type=\"column\">\n\t\t\t<div class=\"elementor-widget-wrap elementor-element-populated\">\n\t\t\t\t\t\t<div class=\"elementor-element elementor-element-226d8bf elementor-widget elementor-widget-heading\" data-id=\"226d8bf\" data-element_type=\"widget\" data-widget_type=\"heading.default\">\n\t\t\t\t<div class=\"elementor-widget-container\">\n\t\t\t\t\t<h2 class=\"elementor-heading-title elementor-size-default\">Salutations de la conseill\u00e8re en charge du tourisme, Rosa Rodr\u00edguez<\/h2>\t\t\t\t<\/div>\n\t\t\t\t<\/div>\n\t\t\t\t<div class=\"elementor-element elementor-element-f74534f elementor-widget elementor-widget-heading\" data-id=\"f74534f\" data-element_type=\"widget\" data-widget_type=\"heading.default\">\n\t\t\t\t<div class=\"elementor-widget-container\">\n\t\t\t\t\t<h2 class=\"elementor-heading-title elementor-size-default\">Bienvenue \u00e0 Puerto del Rosario !<\/h2>\t\t\t\t<\/div>\n\t\t\t\t<\/div>\n\t\t\t\t<div class=\"elementor-element elementor-element-ac7cf4f elementor-widget elementor-widget-text-editor\" data-id=\"ac7cf4f\" data-element_type=\"widget\" data-widget_type=\"text-editor.default\">\n\t\t\t\t<div class=\"elementor-widget-container\">\n\t\t\t\t\t\t\t\t\t<p>En tant que conseiller au tourisme, j&rsquo;ai l&rsquo;honneur de vous inviter \u00e0 d\u00e9couvrir notre ville, une destination qui allie la beaut\u00e9 naturelle de Fuerteventura \u00e0 une riche offre culturelle, gastronomique et de loisirs. Puerto del Rosario est bien plus que la capitale de l&rsquo;\u00eele ; c&rsquo;est un lieu o\u00f9 tradition et modernit\u00e9 coexistent en harmonie, offrant des exp\u00e9riences uniques aux r\u00e9sidents et aux visiteurs. <\/p><p>Nous vous encourageons \u00e0 explorer nos plages, \u00e0 vous plonger dans notre histoire, \u00e0 appr\u00e9cier la chaleur de nos habitants et \u00e0 vivre des moments inoubliables dans tous les coins de notre municipalit\u00e9. Nous travaillons sans rel\u00e2che pour faire de votre visite une exp\u00e9rience inoubliable, en promouvant un tourisme durable et accessible \u00e0 tous. <\/p>\t\t\t\t\t\t\t\t<\/div>\n\t\t\t\t<\/div>\n\t\t\t\t<div class=\"elementor-element elementor-element-ea2c1d6 elementor-widget elementor-widget-heading\" data-id=\"ea2c1d6\" data-element_type=\"widget\" data-widget_type=\"heading.default\">\n\t\t\t\t<div class=\"elementor-widget-container\">\n\t\t\t\t\t<h2 class=\"elementor-heading-title elementor-size-default\">Puerto del Rosario vous attend \u00e0 bras ouverts !<\/h2>\t\t\t\t<\/div>\n\t\t\t\t<\/div>\n\t\t\t\t\t<\/div>\n\t\t<\/div>\n\t\t\t\t\t<\/div>\n\t\t<\/section>\n\t\t\t\t<section class=\"elementor-section elementor-top-section elementor-element elementor-element-7048428 elementor-section-boxed elementor-section-gap-beside-yes elementor-section-height-default elementor-section-height-default elementor-section-column-vertical-align-stretch\" data-id=\"7048428\" data-element_type=\"section\">\n\t\t\t\t\t\t<div class=\"elementor-container elementor-column-gap-extended\">\n\t\t\t\t\t<div class=\"elementor-column elementor-col-100 elementor-top-column elementor-element elementor-element-cd40143\" data-id=\"cd40143\" data-element_type=\"column\">\n\t\t\t<div class=\"elementor-widget-wrap elementor-element-populated\">\n\t\t\t\t\t\t<div class=\"elementor-element elementor-element-6b5f87e elementor-widget elementor-widget-spacer\" data-id=\"6b5f87e\" data-element_type=\"widget\" data-widget_type=\"spacer.default\">\n\t\t\t\t<div class=\"elementor-widget-container\">\n\t\t\t\t\t\t\t<div class=\"elementor-spacer\">\n\t\t\t<div class=\"elementor-spacer-inner\"><\/div>\n\t\t<\/div>\n\t\t\t\t\t\t<\/div>\n\t\t\t\t<\/div>\n\t\t\t\t\t<\/div>\n\t\t<\/div>\n\t\t\t\t\t<\/div>\n\t\t<\/section>\n\t\t\t\t<section class=\"elementor-section elementor-top-section elementor-element elementor-element-e62a849 elementor-section-boxed elementor-section-gap-beside-yes elementor-section-height-default elementor-section-height-default elementor-section-column-vertical-align-stretch\" data-id=\"e62a849\" data-element_type=\"section\">\n\t\t\t\t\t\t<div class=\"elementor-container elementor-column-gap-extended\">\n\t\t\t\t\t<div class=\"elementor-column elementor-col-100 elementor-top-column elementor-element elementor-element-bb74be6\" data-id=\"bb74be6\" data-element_type=\"column\">\n\t\t\t<div class=\"elementor-widget-wrap elementor-element-populated\">\n\t\t\t\t\t\t<div class=\"elementor-element elementor-element-9ced578 elementor-widget elementor-widget-heading\" data-id=\"9ced578\" data-element_type=\"widget\" data-widget_type=\"heading.default\">\n\t\t\t\t<div class=\"elementor-widget-container\">\n\t\t\t\t\t<h2 class=\"elementor-heading-title elementor-size-default\">Rencontrez notre \u00e9quipe<\/h2>\t\t\t\t<\/div>\n\t\t\t\t<\/div>\n\t\t\t\t\t<\/div>\n\t\t<\/div>\n\t\t\t\t\t<\/div>\n\t\t<\/section>\n\t\t\t\t<section class=\"elementor-section elementor-top-section elementor-element elementor-element-2686dff elementor-section-boxed elementor-section-gap-beside-yes elementor-section-height-default elementor-section-height-default elementor-section-column-vertical-align-stretch\" data-id=\"2686dff\" data-element_type=\"section\" data-settings=\"{&quot;background_background&quot;:&quot;classic&quot;}\">\n\t\t\t\t\t\t<div class=\"elementor-container elementor-column-gap-extended\">\n\t\t\t\t\t<div class=\"elementor-column elementor-col-33 elementor-top-column elementor-element elementor-element-e44e147\" data-id=\"e44e147\" data-element_type=\"column\">\n\t\t\t<div class=\"elementor-widget-wrap elementor-element-populated\">\n\t\t\t\t\t\t<div class=\"elementor-element elementor-element-e2a5272 elementor-position-top elementor-widget elementor-widget-image-box\" data-id=\"e2a5272\" data-element_type=\"widget\" data-widget_type=\"image-box.default\">\n\t\t\t\t<div class=\"elementor-widget-container\">\n\t\t\t\t\t<div class=\"elementor-image-box-wrapper\"><figure class=\"elementor-image-box-img\"><img decoding=\"async\" width=\"512\" height=\"512\" src=\"https:\/\/discoverpuerto.es\/wp-content\/uploads\/2025\/01\/default.webp\" class=\"elementor-animation-float attachment-full size-full wp-image-9473\" alt=\"\" srcset=\"https:\/\/discoverpuerto.es\/wp-content\/uploads\/2025\/01\/default.webp 512w, https:\/\/discoverpuerto.es\/wp-content\/uploads\/2025\/01\/default-300x300.webp 300w, https:\/\/discoverpuerto.es\/wp-content\/uploads\/2025\/01\/default-150x150.webp 150w, https:\/\/discoverpuerto.es\/wp-content\/uploads\/2025\/01\/default-100x100.webp 100w\" sizes=\"(max-width: 512px) 100vw, 512px\" \/><\/figure><div class=\"elementor-image-box-content\"><h3 class=\"elementor-image-box-title\">Coralia Morales<\/h3><p class=\"elementor-image-box-description\">Technicien du tourisme<\/p><\/div><\/div>\t\t\t\t<\/div>\n\t\t\t\t<\/div>\n\t\t\t\t\t<\/div>\n\t\t<\/div>\n\t\t\t\t<div class=\"elementor-column elementor-col-33 elementor-top-column elementor-element elementor-element-f8d7443\" data-id=\"f8d7443\" data-element_type=\"column\">\n\t\t\t<div class=\"elementor-widget-wrap elementor-element-populated\">\n\t\t\t\t\t\t<div class=\"elementor-element elementor-element-a65ff45 elementor-position-top elementor-widget elementor-widget-image-box\" data-id=\"a65ff45\" data-element_type=\"widget\" data-widget_type=\"image-box.default\">\n\t\t\t\t<div class=\"elementor-widget-container\">\n\t\t\t\t\t<div class=\"elementor-image-box-wrapper\"><figure class=\"elementor-image-box-img\"><img decoding=\"async\" width=\"512\" height=\"512\" src=\"https:\/\/discoverpuerto.es\/wp-content\/uploads\/2025\/01\/default.webp\" class=\"elementor-animation-float attachment-full size-full wp-image-9473\" alt=\"\" srcset=\"https:\/\/discoverpuerto.es\/wp-content\/uploads\/2025\/01\/default.webp 512w, https:\/\/discoverpuerto.es\/wp-content\/uploads\/2025\/01\/default-300x300.webp 300w, https:\/\/discoverpuerto.es\/wp-content\/uploads\/2025\/01\/default-150x150.webp 150w, https:\/\/discoverpuerto.es\/wp-content\/uploads\/2025\/01\/default-100x100.webp 100w\" sizes=\"(max-width: 512px) 100vw, 512px\" \/><\/figure><div class=\"elementor-image-box-content\"><h3 class=\"elementor-image-box-title\">Jos\u00e9 Alberto Bola\u00f1os<\/h3><p class=\"elementor-image-box-description\">Personnel du tourisme<\/p><\/div><\/div>\t\t\t\t<\/div>\n\t\t\t\t<\/div>\n\t\t\t\t\t<\/div>\n\t\t<\/div>\n\t\t\t\t<div class=\"elementor-column elementor-col-33 elementor-top-column elementor-element elementor-element-4440b8b\" data-id=\"4440b8b\" data-element_type=\"column\">\n\t\t\t<div class=\"elementor-widget-wrap elementor-element-populated\">\n\t\t\t\t\t\t<div class=\"elementor-element elementor-element-b06a8c0 elementor-position-top elementor-widget elementor-widget-image-box\" data-id=\"b06a8c0\" data-element_type=\"widget\" data-widget_type=\"image-box.default\">\n\t\t\t\t<div class=\"elementor-widget-container\">\n\t\t\t\t\t<div class=\"elementor-image-box-wrapper\"><figure class=\"elementor-image-box-img\"><img decoding=\"async\" width=\"512\" height=\"512\" src=\"https:\/\/discoverpuerto.es\/wp-content\/uploads\/2025\/01\/default.webp\" class=\"elementor-animation-float attachment-full size-full wp-image-9473\" alt=\"\" srcset=\"https:\/\/discoverpuerto.es\/wp-content\/uploads\/2025\/01\/default.webp 512w, https:\/\/discoverpuerto.es\/wp-content\/uploads\/2025\/01\/default-300x300.webp 300w, https:\/\/discoverpuerto.es\/wp-content\/uploads\/2025\/01\/default-150x150.webp 150w, https:\/\/discoverpuerto.es\/wp-content\/uploads\/2025\/01\/default-100x100.webp 100w\" sizes=\"(max-width: 512px) 100vw, 512px\" \/><\/figure><div class=\"elementor-image-box-content\"><h3 class=\"elementor-image-box-title\">Petra Maria Gil<\/h3><p class=\"elementor-image-box-description\">Personnel du tourisme<\/p><\/div><\/div>\t\t\t\t<\/div>\n\t\t\t\t<\/div>\n\t\t\t\t\t<\/div>\n\t\t<\/div>\n\t\t\t\t\t<\/div>\n\t\t<\/section>\n\t\t\t\t<\/div>\n\t\t","protected":false},"excerpt":{"rendered":"<p>Tourisme \u00e0 Puerto del Rosario Notre mission Salutations de la conseill\u00e8re en charge du tourisme, Rosa Rodr\u00edguez Bienvenue \u00e0 Puerto del Rosario ! En tant que conseiller au tourisme, j&rsquo;ai l&rsquo;honneur de vous inviter \u00e0 d\u00e9couvrir notre ville, une destination qui allie la beaut\u00e9 naturelle de Fuerteventura \u00e0 une riche offre culturelle, gastronomique et de [&hellip;]<\/p>\n","protected":false},"author":1,"featured_media":0,"parent":0,"menu_order":0,"comment_status":"closed","ping_status":"closed","template":"","meta":{"inline_featured_image":false,"footnotes":""},"class_list":["post-9471","page","type-page","status-publish","hentry"],"_links":{"self":[{"href":"https:\/\/discoverpuerto.es\/fr\/wp-json\/wp\/v2\/pages\/9471","targetHints":{"allow":["GET"]}}],"collection":[{"href":"https:\/\/discoverpuerto.es\/fr\/wp-json\/wp\/v2\/pages"}],"about":[{"href":"https:\/\/discoverpuerto.es\/fr\/wp-json\/wp\/v2\/types\/page"}],"author":[{"embeddable":true,"href":"https:\/\/discoverpuerto.es\/fr\/wp-json\/wp\/v2\/users\/1"}],"replies":[{"embeddable":true,"href":"https:\/\/discoverpuerto.es\/fr\/wp-json\/wp\/v2\/comments?post=9471"}],"version-history":[{"count":3,"href":"https:\/\/discoverpuerto.es\/fr\/wp-json\/wp\/v2\/pages\/9471\/revisions"}],"predecessor-version":[{"id":10957,"href":"https:\/\/discoverpuerto.es\/fr\/wp-json\/wp\/v2\/pages\/9471\/revisions\/10957"}],"wp:attachment":[{"href":"https:\/\/discoverpuerto.es\/fr\/wp-json\/wp\/v2\/media?parent=9471"}],"curies":[{"name":"wp","href":"https:\/\/api.w.org\/{rel}","templated":true}]}}