{"id":10406,"date":"2019-09-02T10:02:29","date_gmt":"2019-09-02T10:02:29","guid":{"rendered":"https:\/\/discoverpuerto.es\/datenschutzbestimmungen\/"},"modified":"2019-09-02T10:02:29","modified_gmt":"2019-09-02T10:02:29","slug":"datenschutzbestimmungen","status":"publish","type":"page","link":"https:\/\/discoverpuerto.es\/de\/datenschutzbestimmungen\/","title":{"rendered":"Datenschutzbestimmungen"},"content":{"rendered":"<ol>\n<li><strong>Grundlegende Informationen zum Datenschutz<\/strong><\/li>\n<\/ol>\n<table>\n<tbody>\n<tr>\n<td width=\"141\"><strong>ZUST\u00c4NDIG<\/strong><\/td>\n<td width=\"424\">Stadtverwaltung von Puerto del Rosario <\/p>\n<p>NIF: P3501800A<\/td>\n<\/tr>\n<tr>\n<td width=\"141\"><strong>KONTAKT<\/strong><\/td>\n<td width=\"424\">928 85 01 10 <\/p>\n<p>Calle Fern\u00e1ndez Casta\u00f1eyra, 2, 35600, Puerto del Rosario, Las Palmas<\/p>\n<p>dpo@puertodelrosario.org<\/td>\n<\/tr>\n<tr>\n<td width=\"141\"><strong>ZWECK<\/strong><\/td>\n<td width=\"424\">Die Verwaltung Ihrer Anfrage, Ihres Zweifels oder Ihrer Anfrage und die administrative Bearbeitung, die sich daraus ergeben kann.<\/td>\n<\/tr>\n<tr>\n<td width=\"141\"><strong>LEGITIMIT\u00c4T<\/strong><\/td>\n<td width=\"424\">Erf\u00fcllung einer rechtlichen Verpflichtung (Artikel 6 Absatz 1 Buchstabe c der DSGVO), Wahrnehmung einer Aufgabe, die im \u00f6ffentlichen Interesse liegt oder in Aus\u00fcbung \u00f6ffentlicher Gewalt erfolgt (Artikel 6 Absatz 1 Buchstabe e der DSGVO). Die Zustimmung der betroffenen Personen, sofern erforderlich (Artikel 6(1)(a) der DSGVO). <\/td>\n<\/tr>\n<tr>\n<td width=\"141\"><strong>ADRESSATEN<\/strong><\/td>\n<td width=\"424\">\u00d6ffentliche Verwaltungen bei der Aus\u00fcbung ihrer Befugnisse, wenn dies f\u00fcr die Verwaltung Ihres Antrags erforderlich ist.<\/td>\n<\/tr>\n<tr>\n<td width=\"141\"><strong>RECHTE<\/strong><\/td>\n<td width=\"424\">Betroffene Personen k\u00f6nnen den Zugang, die Berichtigung oder L\u00f6schung ihrer Daten beantragen sowie andere Rechte aus\u00fcben oder gegebenenfalls die erteilte Zustimmung \u00fcber die Website und\/oder die elektronische Zentrale unter der Adresse Calle Fern\u00e1ndez Casta\u00f1eyra, 2, 35600, Puerto del Rosario, Las Palmas, oder per E-Mail an <a role=\"link\" href=\"mailto:dpo@puertodelrosario.org\">dpo@puertodelrosario.org widerrufen .<\/a><\/td>\n<\/tr>\n<tr>\n<td width=\"141\"><strong>WEITERE INFORMATIONEN<\/strong><\/td>\n<td width=\"424\">Lesen Sie bitte die ausf\u00fchrlichen Informationen zum Datenschutz unten.<\/td>\n<\/tr>\n<\/tbody>\n<\/table>\n<p>&nbsp;<\/p>\n<p><strong>2. ausf\u00fchrliche Informationen zum Datenschutz<\/strong><\/p>\n<p>Die personenbezogenen Daten, die mit der Website und der elektronischen Website unter der Verantwortung des Ayuntamiento de Puerto del Rosario verkn\u00fcpft sind, entsprechen den Anforderungen der Verordnung (EU) 2016\/679 des Europ\u00e4ischen Parlaments und des Rates vom 27. April 2016 zum Schutz nat\u00fcrlicher Personen bei der Verarbeitung personenbezogener Daten und zum freien Datenverkehr (RGPD) und dem Organgesetz 3\/2018 vom 5. Dezember \u00fcber den Schutz personenbezogener Daten und die Gew\u00e4hrleistung digitaler Rechte (LOPDGDDD).<\/p>\n<p><strong>2.1. Wer ist der Datenverantwortliche?<\/strong><\/p>\n<p>Angaben zur verantwortlichen Person:<\/p>\n<ul>\n<li>ZUST\u00c4NDIG: Stadtverwaltung Puerto del Rosario<\/li>\n<li>MEHRWERTSTEUER-NUMMER: P3501800A<\/li>\n<li>Adresse: Calle Fern\u00e1ndez Casta\u00f1eyra, 2, 35600, Puerto del Rosario, Las Palmas<\/li>\n<li>Telefon: 928 85 01 10<\/li>\n<\/ul>\n<p>Details zum Thema DATENSCHUTZBEAUFTRAGTER:<\/p>\n<ul>\n<li>APDTIC PROFESIONALES, S.L.<\/li>\n<li><a role=\"link\" href=\"mailto:dpo@puertodelrosario.org\">dpo@puertodelrosario.org<\/a><\/li>\n<\/ul>\n<p>Die Stadtverwaltung von Puerto del Rosario ist daf\u00fcr verantwortlich, ein Register der Verarbeitungst\u00e4tigkeiten unter ihrer Verantwortung zu f\u00fchren, in \u00dcbereinstimmung mit den in Artikel 30 der Datenschutzgrundverordnung festgelegten Pflichten.<\/p>\n<p><strong>2.2. F\u00fcr welche Zwecke verarbeiten wir Ihre pers\u00f6nlichen Daten?<\/strong><\/p>\n<p>Die Stadtverwaltung von Puerto del Rosario verarbeitet die personenbezogenen Daten der betroffenen Personen im Allgemeinen f\u00fcr folgende Zwecke:<\/p>\n<ol>\n<li>Verwalten Sie die verschiedenen Verwaltungsverfahren und berichten Sie \u00fcber deren Bearbeitung.<\/li>\n<li>die Richtigkeit der von den betroffenen Personen angegebenen personenbezogenen Daten zu \u00fcberpr\u00fcfen, die sich bereits im Besitz von \u00f6ffentlichen Verwaltungen befinden oder an die man sich zuvor gewandt hat.<\/li>\n<li>Benachrichtigung und Bearbeitung von Einspr\u00fcchen.<\/li>\n<li>Verwalten Sie Anfragen nach Informationen, Vorschl\u00e4gen und Mitteilungen im Allgemeinen und versenden Sie Newsletter.<\/li>\n<\/ol>\n<p><strong>2.3. Wodurch wird die Verarbeitung Ihrer Daten legitimiert?<\/strong><\/p>\n<p>Der Stadtrat von Puerto del Rosario ist legitimiert, die Verarbeitung personenbezogener Daten in \u00dcbereinstimmung mit dem in Artikel 6 der RGPD genannten Grundsatz der Rechtm\u00e4\u00dfigkeit der Verarbeitung durchzuf\u00fchren, und zwar aus folgenden Gr\u00fcnden<\/p>\n<ul>\n<li>Im Allgemeinen ist die Rechtsgrundlage f\u00fcr Verarbeitungen im Falle von Verwaltungsverfahren die Erf\u00fcllung einer Aufgabe im \u00f6ffentlichen Interesse oder die Aus\u00fcbung \u00f6ffentlicher Gewalt, unter Ber\u00fccksichtigung des Gesetzes 39\/2015 vom 1. Oktober \u00fcber das gemeinsame Verwaltungsverfahren, des Gesetzes 9\/2017 vom 8. November \u00fcber \u00f6ffentliche Auftr\u00e4ge, des Gesetzes 39\/2015 vom 1. Oktober \u00fcber das gemeinsame Verwaltungsverfahren usw.<\/li>\n<li>In bestimmten F\u00e4llen wird die Verarbeitung durch die Zustimmung der betroffenen Personen legitimiert.<\/li>\n<li>In jedem Fall wird die Legitimationsgrundlage in den grundlegenden Informationsklauseln, die in den Formularen zur Erhebung personenbezogener Daten enthalten sind, dargelegt.<\/li>\n<\/ul>\n<p><strong>2.4. An welche Empf\u00e4nger werden Ihre Daten weitergegeben?<\/strong><\/p>\n<p>Ihre Daten k\u00f6nnen in \u00dcbereinstimmung mit der geltenden Gesetzgebung und wann immer es f\u00fcr die Verwaltung des Verfahrens oder des Antrags erforderlich ist, an andere \u00f6ffentliche Verwaltungen in Aus\u00fcbung ihrer Befugnisse, an Finanzinstitute, an offizielle Zeitungen, Websites oder Anschlagtafeln der Stadtverwaltung von Puerto del Rosario weitergegeben werden, um die gesetzlich vorgeschriebene \u00d6ffentlichkeitsarbeit in Verfahren zu leisten, wo dies erforderlich ist.<\/p>\n<p>In den grundlegenden Informationsklauseln sind in jedem Fall die spezifischen Empf\u00e4nger der Daten anzugeben.<\/p>\n<p><strong>2.5. Wie lange werden wir Ihre pers\u00f6nlichen Daten aufbewahren?<\/strong><\/p>\n<p>Die zur Verf\u00fcgung gestellten personenbezogenen Daten werden so lange aufbewahrt, wie Sie nicht deren L\u00f6schung oder Stornierung beantragen und solange sie angemessen, relevant und auf das beschr\u00e4nkt sind, was f\u00fcr die Zwecke, f\u00fcr die sie verarbeitet werden, erforderlich ist.<\/p>\n<p><strong>2.6. Werden die Daten in Drittl\u00e4nder \u00fcbertragen?<\/strong><\/p>\n<p>Es wird keine internationale Daten\u00fcbermittlung stattfinden.<\/p>\n<p><strong>2.7. Welche Rechte haben Sie, wenn Sie uns Ihre pers\u00f6nlichen Daten zur Verf\u00fcgung stellen?<\/strong><\/p>\n<ul>\n<li><u>Zugang<\/u>: das Recht, eine Best\u00e4tigung dar\u00fcber zu erhalten, ob wir Ihre personenbezogenen Daten verarbeiten oder nicht, zu erfahren, um welche Daten es sich handelt, wof\u00fcr sie verwendet werden, wie lange sie aufbewahrt werden, woher die Daten stammen und ob sie an einen Dritten weitergegeben wurden oder werden.<\/li>\n<li><u>Berichtigung<\/u>: das Recht, die Berichtigung unrichtiger Daten und die Vervollst\u00e4ndigung unvollst\u00e4ndiger personenbezogener Daten zu verlangen.<\/li>\n<li><u>L\u00f6schung<\/u>: das Recht, die L\u00f6schung personenbezogener Daten zu verlangen, wenn diese unangemessen oder \u00fcberm\u00e4\u00dfig sind oder f\u00fcr die Zwecke, f\u00fcr die sie erhoben wurden, nicht mehr erforderlich sind, einschlie\u00dflich des Rechts auf Vergessenwerden.<\/li>\n<li><u>Widerspruch<\/u>: das Recht, unter bestimmten Umst\u00e4nden Widerspruch gegen die Verarbeitung Ihrer personenbezogenen Daten einzulegen oder die Einstellung der Verarbeitung zu verlangen.<\/li>\n<li><u>Einschr\u00e4nkung der Verarbeitung<\/u>: das Recht, unter den gesetzlich festgelegten Umst\u00e4nden zu verlangen, dass Ihre Daten nicht \u00fcber die reine Aufbewahrung derselben hinaus verarbeitet werden.<\/li>\n<li><u>\u00dcbertragbarkeit<\/u>: das Recht, personenbezogene Daten in einem strukturierten, allgemein gebr\u00e4uchlichen und maschinenlesbaren Format zu erhalten und sie an einen anderen f\u00fcr die Verarbeitung Verantwortlichen \u00fcbermitteln zu k\u00f6nnen, sofern dies technisch machbar ist.<\/li>\n<\/ul>\n<p><strong>2.8. Werden Sie die M\u00f6glichkeit haben, Ihre Zustimmung zu widerrufen?<\/strong><\/p>\n<p>Sie haben die M\u00f6glichkeit und das Recht, Ihre Einwilligung zu einem bestimmten Zweck zu widerrufen, ohne dass die Rechtm\u00e4\u00dfigkeit der Verarbeitung, die auf der Einwilligung vor deren Widerruf beruht, ber\u00fchrt wird.<\/p>\n<p><strong>2.9. Wo k\u00f6nnen Sie Ihre Rechte wahrnehmen?<\/strong><\/p>\n<p>Der Betroffene kann seine Rechte kostenlos wahrnehmen und erh\u00e4lt innerhalb der in der RGPD und der LOPDGDD festgelegten Fristen eine Antwort, und zwar auf folgende Weise:<\/p>\n<ul>\n<li>Schriftlich bei der Registratur des Rathauses von Puerto del Rosario. Dieser Antrag muss zusammen mit einer Kopie der DNI oder des Reisepasses des Interessenten unterzeichnet werden. Wenn Sie durch einen gesetzlichen Vertreter handeln, m\u00fcssen auch die DNI und das Dokument, das die Anwesenheit des Vertreters beglaubigt, vorgelegt werden.  <\/li>\n<li>Wenn der Stadtrat von Puerto del Rosario begr\u00fcndete Zweifel an der Identit\u00e4t der nat\u00fcrlichen Person hat, die den Antrag stellt, kann er alle zus\u00e4tzlichen Informationen anfordern, die zur Best\u00e4tigung der Identit\u00e4t der interessierten Partei erforderlich sind.<\/li>\n<li>Der Stadtrat von Puerto del Rosario muss den Antrag innerhalb eines Monats nach dessen Eingang beantworten. Diese Frist kann unter Ber\u00fccksichtigung der Komplexit\u00e4t und der Anzahl der eingegangenen Antr\u00e4ge erforderlichenfalls um weitere zwei Monate verl\u00e4ngert werden. Der Interessent wird in jedem Fall innerhalb eines Monats nach Eingang des Antrags informiert.  <\/li>\n<li>Jede betroffene Person kann sich zur Aus\u00fcbung ihrer Rechte auch an den Datenschutzbeauftragten unter der folgenden E-Mail-Adresse wenden: <a role=\"link\" href=\"mailto:dpo@puertodelrosario.org\">dpo@puertodelrosario.org.<\/a><\/li>\n<li>F\u00fcr weitere Informationen: <a role=\"link\" href=\"https:\/\/www.aepd.es\/reglamento\/derechos\/index.html\">https:\/\/www.aepd.es\/reglamento\/derechos\/index.html<\/a><\/li>\n<\/ul>\n<p><strong>2.10. Wie k\u00f6nnen Sie eine Beschwerde bei der Aufsichtsbeh\u00f6rde einreichen?<\/strong><\/p>\n<p>Sollten Ihre Rechte nicht respektiert worden sein, k\u00f6nnen Sie eine Beschwerde einreichen, indem Sie sich schriftlich an die spanische Datenschutzbeh\u00f6rde (AEPD) in der Calle Jorge Juan, 6-28001-Madrid wenden oder die elektronische Website <a role=\"link\" href=\"https:\/\/sedeagpd.gob.es\/sede-electronica-web\/\">https:\/\/sedeagpd.gob.es\/sede-electronica-web\/ nutzen .<\/a><\/p>\n<p>In beiden F\u00e4llen m\u00fcssen dem Antrag die entsprechenden Unterlagen beigef\u00fcgt werden.<\/p>\n<p><strong>2.11. Was sind die Sicherheitsma\u00dfnahmen?<\/strong><\/p>\n<p>In \u00dcbereinstimmung mit Artikel 32 des RGPD und unter Ber\u00fccksichtigung der ersten Zusatzbestimmung des LOPDGDD 3\/2018 verf\u00fcgt die Stadtverwaltung von Puerto del Rosario \u00fcber Sicherheitsma\u00dfnahmen, die in ihren internen Sicherheitsvorschriften festgelegt sind und dem nationalen Sicherheitssystem (ENS) entsprechen, das im K\u00f6niglichen Dekret 311\/2022 vom 3. Mai geregelt ist.<\/p>\n<p><strong>GELTENDE RECHTSVORSCHRIFTEN<\/strong><\/p>\n<ul>\n<li><a role=\"link\" href=\"https:\/\/www.boe.es\/buscar\/doc.php?id=BOE-A-2018-16673\">Organgesetz 3\/2018 vom 5. Dezember \u00fcber den Schutz personenbezogener Daten und die Gew\u00e4hrleistung der digitalen Rechte (LOPDGDD)<\/a><\/li>\n<li><a role=\"link\" href=\"https:\/\/www.boe.es\/doue\/2016\/119\/L00001-00088.pdf\">Verordnung (EU) 2016\/679 des Europ\u00e4ischen Parlaments und des Rates vom 27. April 2016 zum Schutz nat\u00fcrlicher Personen bei der Verarbeitung personenbezogener Daten, zum freien Datenverkehr und zur Aufhebung der Richtlinie 95\/46\/EG (Datenschutz-Grundverordnung).<\/a><\/li>\n<li><a role=\"link\" href=\"https:\/\/boe.es\/boe\/dias\/2022\/05\/04\/pdfs\/BOE-A-2022-7191.pdf\">K\u00f6niglicher Erlass 311\/2022 vom 3. Mai zur Regelung des nationalen Sicherheitssystems<\/a><\/li>\n<\/ul>\n<p>&nbsp;<\/p>\n<p><strong>3. Datenschutzrechte<\/strong><\/p>\n<p>Die Datenschutzbestimmungen erm\u00f6glichen es jeder Person, ihre Rechte auf Zugang, Berichtigung, L\u00f6schung und \u00dcbertragbarkeit von Daten, Widerspruch und Einschr\u00e4nkung der Verarbeitung sowie das Recht, keinen Entscheidungen unterworfen zu werden, die ausschlie\u00dflich auf der automatisierten Verarbeitung ihrer Daten beruhen, auszu\u00fcben.<\/p>\n<p><strong>3.1. Recht auf Zugang<\/strong><\/p>\n<p>Die betroffene Person hat das Recht, informiert zu werden:<\/p>\n<ul>\n<li>die Zwecke der Verarbeitung sowie die Kategorien der zu verarbeitenden personenbezogenen Daten und die m\u00f6glichen \u00dcbermittlungen von Daten und deren Empf\u00e4nger<\/li>\n<li>des Zeitraums der Datenspeicherung, wenn m\u00f6glich. Wenn dies nicht m\u00f6glich ist, werden die Kriterien f\u00fcr die Festlegung dieses Zeitraums wie folgt festgelegt <\/li>\n<li>das Recht, die Berichtigung oder L\u00f6schung von Daten, die Einschr\u00e4nkung der Verarbeitung oder den Widerspruch gegen die Verarbeitung zu verlangen<\/li>\n<li>das Recht, eine Beschwerde bei der Aufsichtsbeh\u00f6rde einzureichen<\/li>\n<li>f\u00fcr den Fall, dass die personenbezogenen Daten nicht von der betroffenen Person stammen, alle verf\u00fcgbaren Informationen \u00fcber deren Herkunft zu erhalten<\/li>\n<li>\u00fcber angemessene Garantien im Falle einer internationalen Daten\u00fcbermittlung informiert zu werden<\/li>\n<li>um eine Kopie der verarbeiteten Daten zu erhalten<\/li>\n<li>\u00fcber das Vorhandensein von automatisierten Entscheidungen (einschlie\u00dflich Profiling), die angewandte Logik und die Folgen dieser Verarbeitung.<\/li>\n<\/ul>\n<p>Es ist zu unterscheiden von dem Recht auf Zugang zu Verwaltungsakten, das im Gesetz 39\/2015 vom 1. Oktober \u00fcber das gemeinsame Verwaltungsverfahren der \u00f6ffentlichen Verwaltungen geregelt ist, sowie von dem Recht auf Zugang, das im Gesetz 19\/2013 vom 9. Dezember \u00fcber Transparenz, Zugang zu \u00f6ffentlichen Informationen und gute Regierungsf\u00fchrung geregelt ist.<\/p>\n<p><strong>3.2. Recht auf Berichtigung<\/strong><\/p>\n<p>Die betroffene Person hat das Recht, von dem f\u00fcr die Verarbeitung Verantwortlichen unverz\u00fcglich die Berichtigung unrichtiger personenbezogener Daten sowie die Vervollst\u00e4ndigung unvollst\u00e4ndiger personenbezogener Daten, auch mittels einer zus\u00e4tzlichen Erkl\u00e4rung, zu verlangen.<\/p>\n<p><strong>3.3. Recht auf L\u00f6schung (Recht auf Vergessenwerden)<\/strong><\/p>\n<p>Die betroffene Person kann die L\u00f6schung der personenbezogenen Daten beantragen, wenn einer der in der Gesetzgebung vorgesehenen F\u00e4lle eintritt, insbesondere wenn der Zweck, f\u00fcr den die Daten verarbeitet wurden, nicht mehr besteht oder wenn die personenbezogenen Daten unrechtm\u00e4\u00dfig verarbeitet wurden.<\/p>\n<p>Eine Ausnahme von diesem Recht besteht in den F\u00e4llen, in denen es f\u00fcr die Erf\u00fcllung einer Aufgabe im \u00f6ffentlichen Interesse oder in Aus\u00fcbung der dem Verantwortlichen \u00fcbertragenen \u00f6ffentlichen Gewalt erforderlich ist.<\/p>\n<p><strong>3.4. Recht auf Einschr\u00e4nkung der Verarbeitung<\/strong><\/p>\n<p>Sie erm\u00f6glicht es der betroffenen Person, von dem f\u00fcr die Verarbeitung Verantwortlichen die Einschr\u00e4nkung der Datenverarbeitung zu verlangen, wenn:<\/p>\n<ul>\n<li>die Richtigkeit der Daten bestritten wird, w\u00e4hrend die Richtigkeit der Daten von dem f\u00fcr die Verarbeitung Verantwortlichen \u00fcberpr\u00fcft wird<\/li>\n<li>die Verarbeitung rechtswidrig ist, aber die betroffene Person anstelle der L\u00f6schung eine Einschr\u00e4nkung der Nutzung verlangt<\/li>\n<li>der f\u00fcr die Verarbeitung Verantwortliche die Daten f\u00fcr den Zweck der Verarbeitung nicht mehr ben\u00f6tigt, die betroffene Person sie jedoch f\u00fcr die Aus\u00fcbung eines ihrer Rechte ben\u00f6tigt<\/li>\n<li>die betroffene Person hat von ihrem Recht Gebrauch gemacht, der Verarbeitung zu widersprechen, w\u00e4hrend wir pr\u00fcfen, ob die berechtigten Gr\u00fcnde des f\u00fcr die Verarbeitung Verantwortlichen das Widerspruchsrecht der betroffenen Person \u00fcberwiegen<\/li>\n<\/ul>\n<p><strong>3.5. Recht auf \u00dcbertragbarkeit<\/strong><\/p>\n<p>Die betroffene Person hat das Recht, von dem f\u00fcr die Verarbeitung Verantwortlichen ihre personenbezogenen Daten in einer strukturierten, g\u00e4ngigen und maschinenlesbaren Form zu erhalten oder zu verlangen, dass sie an einen anderen f\u00fcr die Verarbeitung Verantwortlichen \u00fcbermittelt werden, sofern dies technisch machbar ist.<\/p>\n<p><strong>3.6. Recht auf Einspruch<\/strong><\/p>\n<p>Die betroffene Person kann der Behandlung widersprechen:<\/p>\n<ul>\n<li>Wenn die Verarbeitung der Daten aus Gr\u00fcnden, die sich auf Ihre pers\u00f6nliche Situation beziehen, eingestellt werden muss, es sei denn, es besteht ein berechtigtes Interesse, das die Interessen, Rechte und Freiheiten der betroffenen Person \u00fcberwiegt, oder die Verarbeitung ist zur Geltendmachung oder Verteidigung von Anspr\u00fcchen erforderlich.<\/li>\n<li>Wenn die Verarbeitung zu Zwecken des Direktmarketings erfolgt.<\/li>\n<\/ul>\n<p>&nbsp;<\/p>\n<p><u>Formulare f\u00fcr die Aus\u00fcbung Ihrer Rechte<\/u>:<\/p>\n<ul>\n<li><a role=\"link\" href=\"https:\/\/www.aepd.es\/media\/formularios\/formulario-derecho-de-acceso.pdf\">Formular f\u00fcr die Aus\u00fcbung des Rechts auf Zugang<\/a><\/li>\n<li><a role=\"link\" href=\"https:\/\/www.aepd.es\/media\/formularios\/formulario-derecho-de-rectificacion.pdf\">Formular f\u00fcr die Aus\u00fcbung des Rechts auf Berichtigung<\/a><\/li>\n<li><a role=\"link\" href=\"https:\/\/www.aepd.es\/media\/formularios\/formulario-derecho-de-oposicion.pdf\">Formular f\u00fcr die Aus\u00fcbung des Widerspruchsrechts<\/a><\/li>\n<li><a role=\"link\" href=\"https:\/\/www.aepd.es\/media\/formularios\/formulario-derecho-de-supresion.pdf\">Formular zur Aus\u00fcbung des Rechts auf L\u00f6schung (&#8222;Recht auf Vergessenwerden&#8220;)<\/a><\/li>\n<li><a role=\"link\" href=\"https:\/\/www.aepd.es\/media\/formularios\/formulario-derecho-de-limitacion.pdf\">Formular f\u00fcr die Aus\u00fcbung des Rechts auf Einschr\u00e4nkung der Verarbeitung<\/a><\/li>\n<li><a role=\"link\" href=\"https:\/\/www.aepd.es\/media\/formularios\/formulario-derecho-de-portabilidad.pdf\">Formular f\u00fcr die Aus\u00fcbung des Rechts auf Portabilit\u00e4t<\/a><\/li>\n<li><a role=\"link\" href=\"https:\/\/www.aepd.es\/media\/formularios\/formulario-derecho-de-oposicion-decisiones-automatizadas.pdf\">Formular f\u00fcr die Aus\u00fcbung des Rechts, frei von automatisierten Einzelentscheidungen zu sein<\/a><\/li>\n<\/ul>\n<p>&nbsp;<\/p>\n<p><strong>4. Aufzeichnung von Verarbeitungsaktivit\u00e4ten<\/strong><\/p>\n<p>Artikel 30 der EU-Datenschutzgrundverordnung 2016\/679 (GDPR) sieht vor, dass jeder f\u00fcr die Verarbeitung Verantwortliche ein Verzeichnis der von ihm durchgef\u00fchrten Verarbeitungst\u00e4tigkeiten (RAT) mit den nachstehend aufgef\u00fchrten Informationen f\u00fchrt:<\/p>\n<ul>\n<li>Den Namen und die Kontaktdaten des Datenschutzbeauftragten und des Datenschutzbeauftragten.<\/li>\n<li>Die Zwecke der Verarbeitung.<\/li>\n<li>Eine Beschreibung der Kategorien von betroffenen Personen und der Kategorien von personenbezogenen Daten.<\/li>\n<li>Die Kategorien der Datenempf\u00e4nger.<\/li>\n<li>\u00dcbertragungen von pers\u00f6nlichen Daten, falls vorhanden.<\/li>\n<li>Die vorgesehenen Fristen f\u00fcr die L\u00f6schung der verschiedenen Datenkategorien, sofern m\u00f6glich.<\/li>\n<li>Ein \u00dcberblick \u00fcber die technischen und organisatorischen Sicherheitsma\u00dfnahmen.<\/li>\n<\/ul>\n<p>Wie in Artikel 31.2 des Organgesetzes 3\/2018 vom 5. Dezember \u00fcber den Schutz personenbezogener Daten und die Gew\u00e4hrleistung digitaler Rechte (LOPDGDD) geregelt, m\u00fcssen alle in Artikel 77.1 dieses Organgesetzes genannten Einrichtungen ein Verzeichnis ihrer Verarbeitungen ver\u00f6ffentlichen, das die in Artikel 30 der RGPD festgelegten Informationen und ihre legitime Rechtsgrundlage f\u00fcr die Verarbeitung personenbezogener Daten enth\u00e4lt.<\/p>\n<p>In \u00dcbereinstimmung mit diesen Vorschriften wird ein Register \u00fcber die von der Stadtverwaltung von Puerto del Rosario durchgef\u00fchrten Verarbeitungst\u00e4tigkeiten gef\u00fchrt:<\/p>\n<p><a role=\"link\" href=\"https:\/\/transparencia.puertodelrosario.org\/es\/registro-de-actividades-de-tratamiento-de-datos-personales\">LINK ZUM REGISTER DER VERARBEITUNGST\u00c4TIGKEITEN IM TRANSPARENZPORTAL<\/a><\/p>\n<p>&nbsp;<\/p>\n<p><strong>5. Datenschutzbeauftragter (DSB)<\/strong><\/p>\n<p>Artikel 37.1 der EU-Datenschutzgrundverordnung 2016\/679 (DSGVO) sieht vor, dass Beh\u00f6rden und \u00f6ffentliche Einrichtungen verpflichtet sind, einen Datenschutzbeauftragten (DSB) zu ernennen.<\/p>\n<p>Der Stadtrat von Puerto del Rosario hat sein DPD korrekt benannt, wie Sie in sehen k\u00f6nnen: <a role=\"link\" href=\"https:\/\/sedeagpd.gob.es\/sede-electronica-web\/vistas\/infoSede\/consultaDPD.jsf\">DPD Konsultation<\/a><\/p>\n<ul>\n<li><u>Datenschutzbeauftragter<\/u>: APDTIC PROFESIONALES, S.L.<\/li>\n<li><u>Kontakt<\/u>: <a role=\"link\" href=\"mailto:dpo@puertodelrosario.org\">dpo@puertodelrosario.org<\/a><\/li>\n<\/ul>\n<p>Seine Aufgaben sind in Artikel 39 der RGPD definiert und bestehen haupts\u00e4chlich darin, die Stadtverwaltung von Puerto del Rosario und ihre Mitarbeiter \u00fcber ihre Pflichten bei der Verarbeitung personenbezogener Daten zu informieren und zu beraten sowie deren Einhaltung zu \u00fcberwachen. Sie muss auch mit der spanischen Datenschutzbeh\u00f6rde (AEPD) zusammenarbeiten und als Ansprechpartner zwischen dieser und der Stadtverwaltung von Puerto del Rosario fungieren. <\/p>\n<p>Im Gegenzug kann sich jeder B\u00fcrger an den Datenschutzbeauftragten wenden, wenn er Zweifel an der Verarbeitung seiner Daten durch das Rathaus von Puerto del Rosario hat oder damit nicht einverstanden ist. Zu diesem Zweck k\u00f6nnen Sie sich an den Datenschutzbeauftragten des Rathauses von Puerto del Rosario wenden, indem Sie an die folgende Adresse schreiben:<a role=\"link\" href=\"mailto:dpo@puertodelrosario.org\">correodpo@puertodelrosario.org<\/a> <\/p>\n<p>&nbsp;<\/p>\n<p>Weitere Informationen: <a role=\"link\" href=\"https:\/\/www.aepd.es\/es\/preguntas-frecuentes\/4-responsable-encargado-y-dpd\/1-delegado-de-proteccion-de-datos\">Spanische Datenschutzbeh\u00f6rde &#8211; Datenschutzbeauftragter.<\/a><\/p>\n","protected":false},"excerpt":{"rendered":"<p>Grundlegende Informationen zum Datenschutz ZUST\u00c4NDIG Stadtverwaltung von Puerto del Rosario NIF: P3501800A KONTAKT 928 85 01 10 Calle Fern\u00e1ndez Casta\u00f1eyra, 2, 35600, Puerto del Rosario, Las Palmas dpo@puertodelrosario.org ZWECK Die Verwaltung Ihrer Anfrage, Ihres Zweifels oder Ihrer Anfrage und die administrative Bearbeitung, die sich daraus ergeben kann. LEGITIMIT\u00c4T Erf\u00fcllung einer rechtlichen Verpflichtung (Artikel 6 Absatz [&hellip;]<\/p>\n","protected":false},"author":1,"featured_media":0,"parent":0,"menu_order":0,"comment_status":"closed","ping_status":"closed","template":"","meta":{"inline_featured_image":false,"footnotes":""},"class_list":["post-10406","page","type-page","status-publish","hentry"],"_links":{"self":[{"href":"https:\/\/discoverpuerto.es\/de\/wp-json\/wp\/v2\/pages\/10406","targetHints":{"allow":["GET"]}}],"collection":[{"href":"https:\/\/discoverpuerto.es\/de\/wp-json\/wp\/v2\/pages"}],"about":[{"href":"https:\/\/discoverpuerto.es\/de\/wp-json\/wp\/v2\/types\/page"}],"author":[{"embeddable":true,"href":"https:\/\/discoverpuerto.es\/de\/wp-json\/wp\/v2\/users\/1"}],"replies":[{"embeddable":true,"href":"https:\/\/discoverpuerto.es\/de\/wp-json\/wp\/v2\/comments?post=10406"}],"version-history":[{"count":0,"href":"https:\/\/discoverpuerto.es\/de\/wp-json\/wp\/v2\/pages\/10406\/revisions"}],"wp:attachment":[{"href":"https:\/\/discoverpuerto.es\/de\/wp-json\/wp\/v2\/media?parent=10406"}],"curies":[{"name":"wp","href":"https:\/\/api.w.org\/{rel}","templated":true}]}}