{"id":10378,"date":"2019-11-22T04:11:25","date_gmt":"2019-11-22T04:11:25","guid":{"rendered":"https:\/\/discoverpuerto.es\/wir\/"},"modified":"2026-03-26T13:12:01","modified_gmt":"2026-03-26T13:12:01","slug":"wir","status":"publish","type":"page","link":"https:\/\/discoverpuerto.es\/de\/wir\/","title":{"rendered":"Wir"},"content":{"rendered":"\t\t<div data-elementor-type=\"wp-page\" data-elementor-id=\"10378\" class=\"elementor elementor-10378 elementor-2517\" data-elementor-post-type=\"page\">\n\t\t\t\t\t\t<section class=\"elementor-section elementor-top-section elementor-element elementor-element-cb39800 elementor-section-stretched elementor-section-boxed elementor-section-gap-beside-yes elementor-section-height-default elementor-section-height-default elementor-section-column-vertical-align-stretch\" data-id=\"cb39800\" data-element_type=\"section\" data-settings=\"{&quot;stretch_section&quot;:&quot;section-stretched&quot;,&quot;background_background&quot;:&quot;classic&quot;}\">\n\t\t\t\t\t\t<div class=\"elementor-container elementor-column-gap-extended\">\n\t\t\t\t\t<div class=\"elementor-column elementor-col-100 elementor-top-column elementor-element elementor-element-c878572\" data-id=\"c878572\" data-element_type=\"column\">\n\t\t\t<div class=\"elementor-widget-wrap elementor-element-populated\">\n\t\t\t\t\t\t<div class=\"elementor-element elementor-element-9a11b33 elementor-widget elementor-widget-heading\" data-id=\"9a11b33\" data-element_type=\"widget\" data-widget_type=\"heading.default\">\n\t\t\t\t<div class=\"elementor-widget-container\">\n\t\t\t\t\t<h2 class=\"elementor-heading-title elementor-size-default\">Tourismus in Puerto del Rosario<\/h2>\t\t\t\t<\/div>\n\t\t\t\t<\/div>\n\t\t\t\t<div class=\"elementor-element elementor-element-7204624 elementor-widget elementor-widget-text-editor\" data-id=\"7204624\" data-element_type=\"widget\" data-widget_type=\"text-editor.default\">\n\t\t\t\t<div class=\"elementor-widget-container\">\n\t\t\t\t\t\t\t\t\t<p>Unser Auftrag<\/p>\t\t\t\t\t\t\t\t<\/div>\n\t\t\t\t<\/div>\n\t\t\t\t\t<\/div>\n\t\t<\/div>\n\t\t\t\t\t<\/div>\n\t\t<\/section>\n\t\t\t\t<section class=\"elementor-section elementor-top-section elementor-element elementor-element-a3175a2 elementor-section-boxed elementor-section-gap-beside-yes elementor-section-height-default elementor-section-height-default elementor-section-column-vertical-align-stretch\" data-id=\"a3175a2\" data-element_type=\"section\">\n\t\t\t\t\t\t<div class=\"elementor-container elementor-column-gap-extended\">\n\t\t\t\t\t<div class=\"elementor-column elementor-col-100 elementor-top-column elementor-element elementor-element-278b25a\" data-id=\"278b25a\" data-element_type=\"column\">\n\t\t\t<div class=\"elementor-widget-wrap elementor-element-populated\">\n\t\t\t\t\t\t<div class=\"elementor-element elementor-element-8ab21c1 elementor-widget elementor-widget-spacer\" data-id=\"8ab21c1\" data-element_type=\"widget\" data-widget_type=\"spacer.default\">\n\t\t\t\t<div class=\"elementor-widget-container\">\n\t\t\t\t\t\t\t<div class=\"elementor-spacer\">\n\t\t\t<div class=\"elementor-spacer-inner\"><\/div>\n\t\t<\/div>\n\t\t\t\t\t\t<\/div>\n\t\t\t\t<\/div>\n\t\t\t\t\t<\/div>\n\t\t<\/div>\n\t\t\t\t\t<\/div>\n\t\t<\/section>\n\t\t\t\t<section class=\"elementor-section elementor-top-section elementor-element elementor-element-f5c34be elementor-section-boxed elementor-section-gap-beside-yes elementor-section-height-default elementor-section-height-default elementor-section-column-vertical-align-stretch\" data-id=\"f5c34be\" data-element_type=\"section\">\n\t\t\t\t\t\t<div class=\"elementor-container elementor-column-gap-extended\">\n\t\t\t\t\t<div class=\"elementor-column elementor-col-50 elementor-top-column elementor-element elementor-element-f9d0598\" data-id=\"f9d0598\" data-element_type=\"column\">\n\t\t\t<div class=\"elementor-widget-wrap elementor-element-populated\">\n\t\t\t\t\t\t<div class=\"elementor-element elementor-element-be63eb6 elementor-widget elementor-widget-image\" data-id=\"be63eb6\" data-element_type=\"widget\" data-widget_type=\"image.default\">\n\t\t\t\t<div class=\"elementor-widget-container\">\n\t\t\t\t\t\t\t\t\t\t\t\t\t\t\t<img fetchpriority=\"high\" decoding=\"async\" width=\"2560\" height=\"2560\" src=\"https:\/\/discoverpuerto.es\/wp-content\/uploads\/2025\/01\/Rosa-web.jpg\" class=\"attachment-full size-full wp-image-10379\" alt=\"\" srcset=\"https:\/\/discoverpuerto.es\/wp-content\/uploads\/2025\/01\/Rosa-web.jpg 2560w, https:\/\/discoverpuerto.es\/wp-content\/uploads\/2025\/01\/Rosa-web-300x300.jpg 300w, https:\/\/discoverpuerto.es\/wp-content\/uploads\/2025\/01\/Rosa-web-1024x1024.jpg 1024w, https:\/\/discoverpuerto.es\/wp-content\/uploads\/2025\/01\/Rosa-web-150x150.jpg 150w, https:\/\/discoverpuerto.es\/wp-content\/uploads\/2025\/01\/Rosa-web-768x768.jpg 768w, https:\/\/discoverpuerto.es\/wp-content\/uploads\/2025\/01\/Rosa-web-1536x1536.jpg 1536w, https:\/\/discoverpuerto.es\/wp-content\/uploads\/2025\/01\/Rosa-web-2048x2048.jpg 2048w, https:\/\/discoverpuerto.es\/wp-content\/uploads\/2025\/01\/Rosa-web-600x600.jpg 600w, https:\/\/discoverpuerto.es\/wp-content\/uploads\/2025\/01\/Rosa-web-100x100.jpg 100w\" sizes=\"(max-width: 2560px) 100vw, 2560px\" \/>\t\t\t\t\t\t\t\t\t\t\t\t\t\t\t<\/div>\n\t\t\t\t<\/div>\n\t\t\t\t\t<\/div>\n\t\t<\/div>\n\t\t\t\t<div class=\"elementor-column elementor-col-50 elementor-top-column elementor-element elementor-element-fabe69d\" data-id=\"fabe69d\" data-element_type=\"column\">\n\t\t\t<div class=\"elementor-widget-wrap elementor-element-populated\">\n\t\t\t\t\t\t<div class=\"elementor-element elementor-element-226d8bf elementor-widget elementor-widget-heading\" data-id=\"226d8bf\" data-element_type=\"widget\" data-widget_type=\"heading.default\">\n\t\t\t\t<div class=\"elementor-widget-container\">\n\t\t\t\t\t<h2 class=\"elementor-heading-title elementor-size-default\">Gr\u00fc\u00dfe von der Stadtr\u00e4tin f\u00fcr Tourismus, Rosa Rodr\u00edguez<\/h2>\t\t\t\t<\/div>\n\t\t\t\t<\/div>\n\t\t\t\t<div class=\"elementor-element elementor-element-f74534f elementor-widget elementor-widget-heading\" data-id=\"f74534f\" data-element_type=\"widget\" data-widget_type=\"heading.default\">\n\t\t\t\t<div class=\"elementor-widget-container\">\n\t\t\t\t\t<h2 class=\"elementor-heading-title elementor-size-default\">Willkommen in Puerto del Rosario!<\/h2>\t\t\t\t<\/div>\n\t\t\t\t<\/div>\n\t\t\t\t<div class=\"elementor-element elementor-element-ac7cf4f elementor-widget elementor-widget-text-editor\" data-id=\"ac7cf4f\" data-element_type=\"widget\" data-widget_type=\"text-editor.default\">\n\t\t\t\t<div class=\"elementor-widget-container\">\n\t\t\t\t\t\t\t\t\t<p>Als Stadtr\u00e4tin f\u00fcr Tourismus ist es mir eine Ehre, Sie einzuladen, unsere Stadt zu entdecken, ein Reiseziel, das die nat\u00fcrliche Sch\u00f6nheit Fuerteventuras mit einem reichen kulturellen, gastronomischen und Freizeitangebot verbindet. Puerto del Rosario ist viel mehr als die Hauptstadt der Insel; es ist ein Ort, an dem Tradition und Moderne in Harmonie nebeneinander bestehen und der Einwohnern und Besuchern einzigartige Erlebnisse bietet. <\/p><p>Wir ermutigen Sie, unsere Str\u00e4nde zu erkunden, in unsere Geschichte einzutauchen, die Herzlichkeit unserer Menschen zu genie\u00dfen und unvergessliche Momente in jedem Winkel unserer Gemeinde zu erleben. Wir arbeiten st\u00e4ndig daran, Ihren Besuch zu einem unvergesslichen Erlebnis zu machen und f\u00f6rdern einen nachhaltigen und f\u00fcr alle zug\u00e4nglichen Tourismus. <\/p>\t\t\t\t\t\t\t\t<\/div>\n\t\t\t\t<\/div>\n\t\t\t\t<div class=\"elementor-element elementor-element-ea2c1d6 elementor-widget elementor-widget-heading\" data-id=\"ea2c1d6\" data-element_type=\"widget\" data-widget_type=\"heading.default\">\n\t\t\t\t<div class=\"elementor-widget-container\">\n\t\t\t\t\t<h2 class=\"elementor-heading-title elementor-size-default\">Puerto del Rosario empf\u00e4ngt Sie mit offenen Armen!<\/h2>\t\t\t\t<\/div>\n\t\t\t\t<\/div>\n\t\t\t\t\t<\/div>\n\t\t<\/div>\n\t\t\t\t\t<\/div>\n\t\t<\/section>\n\t\t\t\t<section class=\"elementor-section elementor-top-section elementor-element elementor-element-7048428 elementor-section-boxed elementor-section-gap-beside-yes elementor-section-height-default elementor-section-height-default elementor-section-column-vertical-align-stretch\" data-id=\"7048428\" data-element_type=\"section\">\n\t\t\t\t\t\t<div class=\"elementor-container elementor-column-gap-extended\">\n\t\t\t\t\t<div class=\"elementor-column elementor-col-100 elementor-top-column elementor-element elementor-element-cd40143\" data-id=\"cd40143\" data-element_type=\"column\">\n\t\t\t<div class=\"elementor-widget-wrap elementor-element-populated\">\n\t\t\t\t\t\t<div class=\"elementor-element elementor-element-6b5f87e elementor-widget elementor-widget-spacer\" data-id=\"6b5f87e\" data-element_type=\"widget\" data-widget_type=\"spacer.default\">\n\t\t\t\t<div class=\"elementor-widget-container\">\n\t\t\t\t\t\t\t<div class=\"elementor-spacer\">\n\t\t\t<div class=\"elementor-spacer-inner\"><\/div>\n\t\t<\/div>\n\t\t\t\t\t\t<\/div>\n\t\t\t\t<\/div>\n\t\t\t\t\t<\/div>\n\t\t<\/div>\n\t\t\t\t\t<\/div>\n\t\t<\/section>\n\t\t\t\t<section class=\"elementor-section elementor-top-section elementor-element elementor-element-e62a849 elementor-section-boxed elementor-section-gap-beside-yes elementor-section-height-default elementor-section-height-default elementor-section-column-vertical-align-stretch\" data-id=\"e62a849\" data-element_type=\"section\">\n\t\t\t\t\t\t<div class=\"elementor-container elementor-column-gap-extended\">\n\t\t\t\t\t<div class=\"elementor-column elementor-col-100 elementor-top-column elementor-element elementor-element-bb74be6\" data-id=\"bb74be6\" data-element_type=\"column\">\n\t\t\t<div class=\"elementor-widget-wrap elementor-element-populated\">\n\t\t\t\t\t\t<div class=\"elementor-element elementor-element-9ced578 elementor-widget elementor-widget-heading\" data-id=\"9ced578\" data-element_type=\"widget\" data-widget_type=\"heading.default\">\n\t\t\t\t<div class=\"elementor-widget-container\">\n\t\t\t\t\t<h2 class=\"elementor-heading-title elementor-size-default\">Treffen Sie unser Team<\/h2>\t\t\t\t<\/div>\n\t\t\t\t<\/div>\n\t\t\t\t\t<\/div>\n\t\t<\/div>\n\t\t\t\t\t<\/div>\n\t\t<\/section>\n\t\t\t\t<section class=\"elementor-section elementor-top-section elementor-element elementor-element-2686dff elementor-section-boxed elementor-section-gap-beside-yes elementor-section-height-default elementor-section-height-default elementor-section-column-vertical-align-stretch\" data-id=\"2686dff\" data-element_type=\"section\" data-settings=\"{&quot;background_background&quot;:&quot;classic&quot;}\">\n\t\t\t\t\t\t<div class=\"elementor-container elementor-column-gap-extended\">\n\t\t\t\t\t<div class=\"elementor-column elementor-col-33 elementor-top-column elementor-element elementor-element-e44e147\" data-id=\"e44e147\" data-element_type=\"column\">\n\t\t\t<div class=\"elementor-widget-wrap elementor-element-populated\">\n\t\t\t\t\t\t<div class=\"elementor-element elementor-element-e2a5272 elementor-position-top elementor-widget elementor-widget-image-box\" data-id=\"e2a5272\" data-element_type=\"widget\" data-widget_type=\"image-box.default\">\n\t\t\t\t<div class=\"elementor-widget-container\">\n\t\t\t\t\t<div class=\"elementor-image-box-wrapper\"><figure class=\"elementor-image-box-img\"><img decoding=\"async\" width=\"512\" height=\"512\" src=\"https:\/\/discoverpuerto.es\/wp-content\/uploads\/2025\/01\/default.webp\" class=\"elementor-animation-float attachment-full size-full wp-image-10380\" alt=\"\" srcset=\"https:\/\/discoverpuerto.es\/wp-content\/uploads\/2025\/01\/default.webp 512w, https:\/\/discoverpuerto.es\/wp-content\/uploads\/2025\/01\/default-300x300.webp 300w, https:\/\/discoverpuerto.es\/wp-content\/uploads\/2025\/01\/default-150x150.webp 150w, https:\/\/discoverpuerto.es\/wp-content\/uploads\/2025\/01\/default-100x100.webp 100w\" sizes=\"(max-width: 512px) 100vw, 512px\" \/><\/figure><div class=\"elementor-image-box-content\"><h3 class=\"elementor-image-box-title\">Coralia Morales<\/h3><p class=\"elementor-image-box-description\">Tourismus Techniker<\/p><\/div><\/div>\t\t\t\t<\/div>\n\t\t\t\t<\/div>\n\t\t\t\t\t<\/div>\n\t\t<\/div>\n\t\t\t\t<div class=\"elementor-column elementor-col-33 elementor-top-column elementor-element elementor-element-f8d7443\" data-id=\"f8d7443\" data-element_type=\"column\">\n\t\t\t<div class=\"elementor-widget-wrap elementor-element-populated\">\n\t\t\t\t\t\t<div class=\"elementor-element elementor-element-a65ff45 elementor-position-top elementor-widget elementor-widget-image-box\" data-id=\"a65ff45\" data-element_type=\"widget\" data-widget_type=\"image-box.default\">\n\t\t\t\t<div class=\"elementor-widget-container\">\n\t\t\t\t\t<div class=\"elementor-image-box-wrapper\"><figure class=\"elementor-image-box-img\"><img decoding=\"async\" width=\"512\" height=\"512\" src=\"https:\/\/discoverpuerto.es\/wp-content\/uploads\/2025\/01\/default.webp\" class=\"elementor-animation-float attachment-full size-full wp-image-10380\" alt=\"\" srcset=\"https:\/\/discoverpuerto.es\/wp-content\/uploads\/2025\/01\/default.webp 512w, https:\/\/discoverpuerto.es\/wp-content\/uploads\/2025\/01\/default-300x300.webp 300w, https:\/\/discoverpuerto.es\/wp-content\/uploads\/2025\/01\/default-150x150.webp 150w, https:\/\/discoverpuerto.es\/wp-content\/uploads\/2025\/01\/default-100x100.webp 100w\" sizes=\"(max-width: 512px) 100vw, 512px\" \/><\/figure><div class=\"elementor-image-box-content\"><h3 class=\"elementor-image-box-title\">Jos\u00e9 Alberto Bola\u00f1os<\/h3><p class=\"elementor-image-box-description\">Tourismus Personal<\/p><\/div><\/div>\t\t\t\t<\/div>\n\t\t\t\t<\/div>\n\t\t\t\t\t<\/div>\n\t\t<\/div>\n\t\t\t\t<div class=\"elementor-column elementor-col-33 elementor-top-column elementor-element elementor-element-4440b8b\" data-id=\"4440b8b\" data-element_type=\"column\">\n\t\t\t<div class=\"elementor-widget-wrap elementor-element-populated\">\n\t\t\t\t\t\t<div class=\"elementor-element elementor-element-b06a8c0 elementor-position-top elementor-widget elementor-widget-image-box\" data-id=\"b06a8c0\" data-element_type=\"widget\" data-widget_type=\"image-box.default\">\n\t\t\t\t<div class=\"elementor-widget-container\">\n\t\t\t\t\t<div class=\"elementor-image-box-wrapper\"><figure class=\"elementor-image-box-img\"><img decoding=\"async\" width=\"512\" height=\"512\" src=\"https:\/\/discoverpuerto.es\/wp-content\/uploads\/2025\/01\/default.webp\" class=\"elementor-animation-float attachment-full size-full wp-image-10380\" alt=\"\" srcset=\"https:\/\/discoverpuerto.es\/wp-content\/uploads\/2025\/01\/default.webp 512w, https:\/\/discoverpuerto.es\/wp-content\/uploads\/2025\/01\/default-300x300.webp 300w, https:\/\/discoverpuerto.es\/wp-content\/uploads\/2025\/01\/default-150x150.webp 150w, https:\/\/discoverpuerto.es\/wp-content\/uploads\/2025\/01\/default-100x100.webp 100w\" sizes=\"(max-width: 512px) 100vw, 512px\" \/><\/figure><div class=\"elementor-image-box-content\"><h3 class=\"elementor-image-box-title\">Petra Maria Gil<\/h3><p class=\"elementor-image-box-description\">Tourismus Personal<\/p><\/div><\/div>\t\t\t\t<\/div>\n\t\t\t\t<\/div>\n\t\t\t\t\t<\/div>\n\t\t<\/div>\n\t\t\t\t\t<\/div>\n\t\t<\/section>\n\t\t\t\t<\/div>\n\t\t","protected":false},"excerpt":{"rendered":"<p>Tourismus in Puerto del Rosario Unser Auftrag Gr\u00fc\u00dfe von der Stadtr\u00e4tin f\u00fcr Tourismus, Rosa Rodr\u00edguez Willkommen in Puerto del Rosario! Als Stadtr\u00e4tin f\u00fcr Tourismus ist es mir eine Ehre, Sie einzuladen, unsere Stadt zu entdecken, ein Reiseziel, das die nat\u00fcrliche Sch\u00f6nheit Fuerteventuras mit einem reichen kulturellen, gastronomischen und Freizeitangebot verbindet. Puerto del Rosario ist viel [&hellip;]<\/p>\n","protected":false},"author":1,"featured_media":0,"parent":0,"menu_order":0,"comment_status":"closed","ping_status":"closed","template":"","meta":{"inline_featured_image":false,"footnotes":""},"class_list":["post-10378","page","type-page","status-publish","hentry"],"_links":{"self":[{"href":"https:\/\/discoverpuerto.es\/de\/wp-json\/wp\/v2\/pages\/10378","targetHints":{"allow":["GET"]}}],"collection":[{"href":"https:\/\/discoverpuerto.es\/de\/wp-json\/wp\/v2\/pages"}],"about":[{"href":"https:\/\/discoverpuerto.es\/de\/wp-json\/wp\/v2\/types\/page"}],"author":[{"embeddable":true,"href":"https:\/\/discoverpuerto.es\/de\/wp-json\/wp\/v2\/users\/1"}],"replies":[{"embeddable":true,"href":"https:\/\/discoverpuerto.es\/de\/wp-json\/wp\/v2\/comments?post=10378"}],"version-history":[{"count":2,"href":"https:\/\/discoverpuerto.es\/de\/wp-json\/wp\/v2\/pages\/10378\/revisions"}],"predecessor-version":[{"id":10958,"href":"https:\/\/discoverpuerto.es\/de\/wp-json\/wp\/v2\/pages\/10378\/revisions\/10958"}],"wp:attachment":[{"href":"https:\/\/discoverpuerto.es\/de\/wp-json\/wp\/v2\/media?parent=10378"}],"curies":[{"name":"wp","href":"https:\/\/api.w.org\/{rel}","templated":true}]}}